{"id":5478,"date":"2024-03-27T23:48:39","date_gmt":"2024-03-28T02:48:39","guid":{"rendered":"https:\/\/lafamilia.com.ar\/?post_type=product&#038;p=5478"},"modified":"2025-06-12T11:34:10","modified_gmt":"2025-06-12T14:34:10","slug":"criollitas-x-100-gr","status":"publish","type":"product","link":"https:\/\/lafamilia.com.ar\/?product=criollitas-x-100-gr","title":{"rendered":"Galletitas Criollitas x 100 gr"},"content":{"rendered":"<p>Cracker agua Criollitas 100gr.<\/p>\n","protected":false},"excerpt":{"rendered":"<p>Descubre el delicioso sabor de nuestras Criollitas Cracker agua! Estas galletitas saladas son perfectas para satisfacer tus antojos en cualquier momento del d\u00eda. Con un peso de 100 gramos, son ideales para llevar contigo a donde quieras. No esperes m\u00e1s y a\u00f1ade estas Criollitas Cracker agua a tu carrito de compras. \u00a1Te aseguramos que no podr\u00e1s resistirte a su sabor irresistible!<\/p>\n","protected":false},"featured_media":5305,"template":"","meta":{"_uag_custom_page_level_css":"","_monsterinsights_skip_tracking":false,"_monsterinsights_sitenote_active":false,"_monsterinsights_sitenote_note":"","_monsterinsights_sitenote_category":0,"_joinchat":[]},"product_cat":[23],"product_tag":[],"jetpack_sharing_enabled":true,"uagb_featured_image_src":{"full":["https:\/\/lafamilia.com.ar\/wp-content\/uploads\/2024\/03\/20230824-3777-300x300-1.jpg",300,300,false],"thumbnail":["https:\/\/lafamilia.com.ar\/wp-content\/uploads\/2024\/03\/20230824-3777-300x300-1-150x150.jpg",150,150,true],"medium":["https:\/\/lafamilia.com.ar\/wp-content\/uploads\/2024\/03\/20230824-3777-300x300-1.jpg",300,300,false],"medium_large":["https:\/\/lafamilia.com.ar\/wp-content\/uploads\/2024\/03\/20230824-3777-300x300-1.jpg",300,300,false],"large":["https:\/\/lafamilia.com.ar\/wp-content\/uploads\/2024\/03\/20230824-3777-300x300-1.jpg",300,300,false],"1536x1536":["https:\/\/lafamilia.com.ar\/wp-content\/uploads\/2024\/03\/20230824-3777-300x300-1.jpg",300,300,false],"2048x2048":["https:\/\/lafamilia.com.ar\/wp-content\/uploads\/2024\/03\/20230824-3777-300x300-1.jpg",300,300,false],"woocommerce_thumbnail":["https:\/\/lafamilia.com.ar\/wp-content\/uploads\/2024\/03\/20230824-3777-300x300-1.jpg",300,300,false],"woocommerce_single":["https:\/\/lafamilia.com.ar\/wp-content\/uploads\/2024\/03\/20230824-3777-300x300-1.jpg",300,300,false],"woocommerce_gallery_thumbnail":["https:\/\/lafamilia.com.ar\/wp-content\/uploads\/2024\/03\/20230824-3777-300x300-1-100x100.jpg",100,100,true]},"uagb_author_info":{"display_name":"lafamilia.com.ar","author_link":"https:\/\/lafamilia.com.ar\/?author=0"},"uagb_comment_info":0,"uagb_excerpt":"Descubre el delicioso sabor de nuestras Criollitas Cracker agua! Estas galletitas saladas son perfectas para satisfacer tus antojos en cualquier momento del d\u00eda. Con un peso de 100 gramos, son ideales para llevar contigo a donde quieras. No esperes m\u00e1s y a\u00f1ade estas Criollitas Cracker agua a tu carrito de compras. \u00a1Te aseguramos que no&hellip;","_links":{"self":[{"href":"https:\/\/lafamilia.com.ar\/index.php?rest_route=\/wp\/v2\/product\/5478"}],"collection":[{"href":"https:\/\/lafamilia.com.ar\/index.php?rest_route=\/wp\/v2\/product"}],"about":[{"href":"https:\/\/lafamilia.com.ar\/index.php?rest_route=\/wp\/v2\/types\/product"}],"wp:featuredmedia":[{"embeddable":true,"href":"https:\/\/lafamilia.com.ar\/index.php?rest_route=\/wp\/v2\/media\/5305"}],"wp:attachment":[{"href":"https:\/\/lafamilia.com.ar\/index.php?rest_route=%2Fwp%2Fv2%2Fmedia&parent=5478"}],"wp:term":[{"taxonomy":"product_cat","embeddable":true,"href":"https:\/\/lafamilia.com.ar\/index.php?rest_route=%2Fwp%2Fv2%2Fproduct_cat&post=5478"},{"taxonomy":"product_tag","embeddable":true,"href":"https:\/\/lafamilia.com.ar\/index.php?rest_route=%2Fwp%2Fv2%2Fproduct_tag&post=5478"}],"curies":[{"name":"wp","href":"https:\/\/api.w.org\/{rel}","templated":true}]}}