{"id":6498,"date":"2024-04-03T11:38:21","date_gmt":"2024-04-03T14:38:21","guid":{"rendered":"https:\/\/lafamilia.com.ar\/?post_type=product&#038;p=6498"},"modified":"2025-06-13T10:59:25","modified_gmt":"2025-06-13T13:59:25","slug":"barra-cereal-mix-yoghurt-frutilla-light","status":"publish","type":"product","link":"https:\/\/lafamilia.com.ar\/?product=barra-cereal-mix-yoghurt-frutilla-light","title":{"rendered":"Cereal Mix Yoghurt Frutilla Light x 23 gr"},"content":{"rendered":"","protected":false},"excerpt":{"rendered":"<p>\u00a1Descubre la deliciosa Barra Cereal Mix Yoghurt Frutilla Light! Esta incre\u00edble barra de cereal es perfecta para aquellos que buscan un snack saludable y delicioso. Con un peso de 26 gramos, cada pack incluye 4 unidades, lo que te permitir\u00e1 disfrutar de su sabor \u00fanico durante m\u00e1s tiempo. Esta barra de cereal pertenece a la marca Cereal Mix, lo que garantiza su calidad. Su irresistible sabor a yogur y frutilla te transportar\u00e1 a un mundo de sabores exquisitos.<br \/>\n\u00a1No te pierdas la oportunidad de probar esta maravillosa barra de cereal! Aprovecha su practicidad y ll\u00e9vala contigo a donde quieras. \u00a1Disfruta de un delicioso en cualquier momento del d\u00eda!<\/p>\n","protected":false},"featured_media":6499,"template":"","meta":{"_uag_custom_page_level_css":"","_monsterinsights_skip_tracking":false,"_monsterinsights_sitenote_active":false,"_monsterinsights_sitenote_note":"","_monsterinsights_sitenote_category":0,"_joinchat":[]},"product_cat":[38,22],"product_tag":[],"jetpack_sharing_enabled":true,"uagb_featured_image_src":{"full":["https:\/\/lafamilia.com.ar\/wp-content\/uploads\/2024\/04\/20230824-12625.jpg",600,600,false],"thumbnail":["https:\/\/lafamilia.com.ar\/wp-content\/uploads\/2024\/04\/20230824-12625-150x150.jpg",150,150,true],"medium":["https:\/\/lafamilia.com.ar\/wp-content\/uploads\/2024\/04\/20230824-12625-300x300.jpg",300,300,true],"medium_large":["https:\/\/lafamilia.com.ar\/wp-content\/uploads\/2024\/04\/20230824-12625.jpg",600,600,false],"large":["https:\/\/lafamilia.com.ar\/wp-content\/uploads\/2024\/04\/20230824-12625.jpg",600,600,false],"1536x1536":["https:\/\/lafamilia.com.ar\/wp-content\/uploads\/2024\/04\/20230824-12625.jpg",600,600,false],"2048x2048":["https:\/\/lafamilia.com.ar\/wp-content\/uploads\/2024\/04\/20230824-12625.jpg",600,600,false],"woocommerce_thumbnail":["https:\/\/lafamilia.com.ar\/wp-content\/uploads\/2024\/04\/20230824-12625-300x300.jpg",300,300,true],"woocommerce_single":["https:\/\/lafamilia.com.ar\/wp-content\/uploads\/2024\/04\/20230824-12625-300x300.jpg",300,300,true],"woocommerce_gallery_thumbnail":["https:\/\/lafamilia.com.ar\/wp-content\/uploads\/2024\/04\/20230824-12625-100x100.jpg",100,100,true]},"uagb_author_info":{"display_name":"lafamilia.com.ar","author_link":"https:\/\/lafamilia.com.ar\/?author=0"},"uagb_comment_info":0,"uagb_excerpt":"\u00a1Descubre la deliciosa Barra Cereal Mix Yoghurt Frutilla Light! Esta incre\u00edble barra de cereal es perfecta para aquellos que buscan un snack saludable y delicioso. Con un peso de 26 gramos, cada pack incluye 4 unidades, lo que te permitir\u00e1 disfrutar de su sabor \u00fanico durante m\u00e1s tiempo. Esta barra de cereal pertenece a la&hellip;","_links":{"self":[{"href":"https:\/\/lafamilia.com.ar\/index.php?rest_route=\/wp\/v2\/product\/6498"}],"collection":[{"href":"https:\/\/lafamilia.com.ar\/index.php?rest_route=\/wp\/v2\/product"}],"about":[{"href":"https:\/\/lafamilia.com.ar\/index.php?rest_route=\/wp\/v2\/types\/product"}],"wp:featuredmedia":[{"embeddable":true,"href":"https:\/\/lafamilia.com.ar\/index.php?rest_route=\/wp\/v2\/media\/6499"}],"wp:attachment":[{"href":"https:\/\/lafamilia.com.ar\/index.php?rest_route=%2Fwp%2Fv2%2Fmedia&parent=6498"}],"wp:term":[{"taxonomy":"product_cat","embeddable":true,"href":"https:\/\/lafamilia.com.ar\/index.php?rest_route=%2Fwp%2Fv2%2Fproduct_cat&post=6498"},{"taxonomy":"product_tag","embeddable":true,"href":"https:\/\/lafamilia.com.ar\/index.php?rest_route=%2Fwp%2Fv2%2Fproduct_tag&post=6498"}],"curies":[{"name":"wp","href":"https:\/\/api.w.org\/{rel}","templated":true}]}}