{"id":6914,"date":"2024-04-04T22:41:30","date_gmt":"2024-04-05T01:41:30","guid":{"rendered":"https:\/\/lafamilia.com.ar\/?post_type=product&#038;p=6914"},"modified":"2025-06-10T13:00:02","modified_gmt":"2025-06-10T16:00:02","slug":"caramelos-cremino-surtidos","status":"publish","type":"product","link":"https:\/\/lafamilia.com.ar\/?product=caramelos-cremino-surtidos","title":{"rendered":"Caramelos Cremino surtidos x 940 gr"},"content":{"rendered":"<p>Caramelos Cremino sabores surtidos bolsa 940 gr.<\/p>\n","protected":false},"excerpt":{"rendered":"<p>\u00a1Descubre la deliciosa explosi\u00f3n de sabores de nuestros Caramelos Cremino surtidos! Esta bolsa de 940 gramos est\u00e1 llena de golosinas irresistibles que te har\u00e1n salivar de placer. Cada caramelo Cremino est\u00e1 cuidadosamente elaborado con ingredientes de alta calidad para brindarte una experiencia \u00fanica. Disfruta de una variedad de sabores sorprendentes, desde el cl\u00e1sico chocolate hasta exquisitas combinaciones de frutas. Adem\u00e1s, nuestros caramelos son SIN TACC, perfectos para aquellos que buscan opciones libres de gluten. \u00a1No podr\u00e1s resistirte a su textura suave y cremosa! A\u00f1ade un toque dulce a tu d\u00eda con nuestros Caramelos Cremino surtidos. \u00a1No te los pierdas!<\/p>\n<p>\u2013 Bolsa de 940 gramos de caramelos Cremino sabores surtidos<br \/>\n\u2013 Elaborados con ingredientes de alta calidad para una experiencia \u00fanica<br \/>\n\u2013 Variedad de sabores sorprendentes, desde chocolate cl\u00e1sico hasta combinaciones de frutas<br \/>\n\u2013 SIN TACC, ideal para personas que siguen una dieta libre de gluten<br \/>\n\u2013 Textura suave y cremosa que te har\u00e1 salivar de placer<br \/>\n\u2013 A\u00f1ade un toque dulce a tu d\u00eda con estos deliciosos caramelos. \u00a1No te los pierdas!<\/p>\n","protected":false},"featured_media":6915,"template":"","meta":{"_uag_custom_page_level_css":"","_monsterinsights_skip_tracking":false,"_monsterinsights_sitenote_active":false,"_monsterinsights_sitenote_note":"","_monsterinsights_sitenote_category":0,"_joinchat":[]},"product_cat":[34,22],"product_tag":[],"jetpack_sharing_enabled":true,"uagb_featured_image_src":{"full":["https:\/\/lafamilia.com.ar\/wp-content\/uploads\/2024\/04\/20230904-1104.jpg",600,600,false],"thumbnail":["https:\/\/lafamilia.com.ar\/wp-content\/uploads\/2024\/04\/20230904-1104-150x150.jpg",150,150,true],"medium":["https:\/\/lafamilia.com.ar\/wp-content\/uploads\/2024\/04\/20230904-1104-300x300.jpg",300,300,true],"medium_large":["https:\/\/lafamilia.com.ar\/wp-content\/uploads\/2024\/04\/20230904-1104.jpg",600,600,false],"large":["https:\/\/lafamilia.com.ar\/wp-content\/uploads\/2024\/04\/20230904-1104.jpg",600,600,false],"1536x1536":["https:\/\/lafamilia.com.ar\/wp-content\/uploads\/2024\/04\/20230904-1104.jpg",600,600,false],"2048x2048":["https:\/\/lafamilia.com.ar\/wp-content\/uploads\/2024\/04\/20230904-1104.jpg",600,600,false],"woocommerce_thumbnail":["https:\/\/lafamilia.com.ar\/wp-content\/uploads\/2024\/04\/20230904-1104-300x300.jpg",300,300,true],"woocommerce_single":["https:\/\/lafamilia.com.ar\/wp-content\/uploads\/2024\/04\/20230904-1104-300x300.jpg",300,300,true],"woocommerce_gallery_thumbnail":["https:\/\/lafamilia.com.ar\/wp-content\/uploads\/2024\/04\/20230904-1104-100x100.jpg",100,100,true]},"uagb_author_info":{"display_name":"lafamilia.com.ar","author_link":"https:\/\/lafamilia.com.ar\/?author=0"},"uagb_comment_info":0,"uagb_excerpt":"\u00a1Descubre la deliciosa explosi\u00f3n de sabores de nuestros Caramelos Cremino surtidos! Esta bolsa de 940 gramos est\u00e1 llena de golosinas irresistibles que te har\u00e1n salivar de placer. Cada caramelo Cremino est\u00e1 cuidadosamente elaborado con ingredientes de alta calidad para brindarte una experiencia \u00fanica. Disfruta de una variedad de sabores sorprendentes, desde el cl\u00e1sico chocolate hasta&hellip;","_links":{"self":[{"href":"https:\/\/lafamilia.com.ar\/index.php?rest_route=\/wp\/v2\/product\/6914"}],"collection":[{"href":"https:\/\/lafamilia.com.ar\/index.php?rest_route=\/wp\/v2\/product"}],"about":[{"href":"https:\/\/lafamilia.com.ar\/index.php?rest_route=\/wp\/v2\/types\/product"}],"wp:featuredmedia":[{"embeddable":true,"href":"https:\/\/lafamilia.com.ar\/index.php?rest_route=\/wp\/v2\/media\/6915"}],"wp:attachment":[{"href":"https:\/\/lafamilia.com.ar\/index.php?rest_route=%2Fwp%2Fv2%2Fmedia&parent=6914"}],"wp:term":[{"taxonomy":"product_cat","embeddable":true,"href":"https:\/\/lafamilia.com.ar\/index.php?rest_route=%2Fwp%2Fv2%2Fproduct_cat&post=6914"},{"taxonomy":"product_tag","embeddable":true,"href":"https:\/\/lafamilia.com.ar\/index.php?rest_route=%2Fwp%2Fv2%2Fproduct_tag&post=6914"}],"curies":[{"name":"wp","href":"https:\/\/api.w.org\/{rel}","templated":true}]}}