{"id":6935,"date":"2024-04-05T10:51:07","date_gmt":"2024-04-05T13:51:07","guid":{"rendered":"https:\/\/lafamilia.com.ar\/?post_type=product&#038;p=6935"},"modified":"2025-06-10T15:23:28","modified_gmt":"2025-06-10T18:23:28","slug":"caramelos-rellenos-miel-y-menta-arcor","status":"publish","type":"product","link":"https:\/\/lafamilia.com.ar\/?product=caramelos-rellenos-miel-y-menta-arcor","title":{"rendered":"Caramelos Miel y Menta x 335 gr"},"content":{"rendered":"<p>Caramelos Rellenos Miel y Menta Arcor Bolsa 335gr.<\/p>\n","protected":false},"excerpt":{"rendered":"<p>\u00a1Descubre la deliciosa combinaci\u00f3n de sabores en los Caramelos Rellenos Miel y Menta Arcor! Estos caramelos son perfectos para satisfacer tus antojos dulces y refrescar tu aliento al mismo tiempo. Cada bolsa contiene 335 gramos de caramelos irresistibles que te har\u00e1n querer m\u00e1s.<\/p>\n<p>Caracter\u00edsticas destacadas:<br \/>\n\u2013 Caramelos rellenos de exquisita miel y refrescante menta.<br \/>\n\u2013 Sin TACC, ideales para personas con intolerancia al gluten.<br \/>\n\u2013 Golosinas de alta calidad de la reconocida marca Arcor.<\/p>\n<p>Disfruta de la suavidad de estos caramelos mientras te deleitas con el dulce sabor de la miel y la frescura de la menta. Perfectos para llevar contigo a todas partes, ya sea en tu bolso, en el auto o en tu escritorio. \u00a1No podr\u00e1s resistirte a su irresistible sabor! Aprovecha esta oportunidad y a\u00f1ade los Caramelos Rellenos Miel y Menta Arcor a tu carrito de compras ahora mismo. \u00a1Te encantar\u00e1n!<\/p>\n","protected":false},"featured_media":6936,"template":"","meta":{"_uag_custom_page_level_css":"","_monsterinsights_skip_tracking":false,"_monsterinsights_sitenote_active":false,"_monsterinsights_sitenote_note":"","_monsterinsights_sitenote_category":0,"_joinchat":[]},"product_cat":[34,22],"product_tag":[],"jetpack_sharing_enabled":true,"uagb_featured_image_src":{"full":["https:\/\/lafamilia.com.ar\/wp-content\/uploads\/2024\/04\/20230824-11829.jpg",600,600,false],"thumbnail":["https:\/\/lafamilia.com.ar\/wp-content\/uploads\/2024\/04\/20230824-11829-150x150.jpg",150,150,true],"medium":["https:\/\/lafamilia.com.ar\/wp-content\/uploads\/2024\/04\/20230824-11829-300x300.jpg",300,300,true],"medium_large":["https:\/\/lafamilia.com.ar\/wp-content\/uploads\/2024\/04\/20230824-11829.jpg",600,600,false],"large":["https:\/\/lafamilia.com.ar\/wp-content\/uploads\/2024\/04\/20230824-11829.jpg",600,600,false],"1536x1536":["https:\/\/lafamilia.com.ar\/wp-content\/uploads\/2024\/04\/20230824-11829.jpg",600,600,false],"2048x2048":["https:\/\/lafamilia.com.ar\/wp-content\/uploads\/2024\/04\/20230824-11829.jpg",600,600,false],"woocommerce_thumbnail":["https:\/\/lafamilia.com.ar\/wp-content\/uploads\/2024\/04\/20230824-11829-300x300.jpg",300,300,true],"woocommerce_single":["https:\/\/lafamilia.com.ar\/wp-content\/uploads\/2024\/04\/20230824-11829-300x300.jpg",300,300,true],"woocommerce_gallery_thumbnail":["https:\/\/lafamilia.com.ar\/wp-content\/uploads\/2024\/04\/20230824-11829-100x100.jpg",100,100,true]},"uagb_author_info":{"display_name":"lafamilia.com.ar","author_link":"https:\/\/lafamilia.com.ar\/?author=0"},"uagb_comment_info":0,"uagb_excerpt":"\u00a1Descubre la deliciosa combinaci\u00f3n de sabores en los Caramelos Rellenos Miel y Menta Arcor! Estos caramelos son perfectos para satisfacer tus antojos dulces y refrescar tu aliento al mismo tiempo. Cada bolsa contiene 335 gramos de caramelos irresistibles que te har\u00e1n querer m\u00e1s. Caracter\u00edsticas destacadas: \u2013 Caramelos rellenos de exquisita miel y refrescante menta. \u2013&hellip;","_links":{"self":[{"href":"https:\/\/lafamilia.com.ar\/index.php?rest_route=\/wp\/v2\/product\/6935"}],"collection":[{"href":"https:\/\/lafamilia.com.ar\/index.php?rest_route=\/wp\/v2\/product"}],"about":[{"href":"https:\/\/lafamilia.com.ar\/index.php?rest_route=\/wp\/v2\/types\/product"}],"wp:featuredmedia":[{"embeddable":true,"href":"https:\/\/lafamilia.com.ar\/index.php?rest_route=\/wp\/v2\/media\/6936"}],"wp:attachment":[{"href":"https:\/\/lafamilia.com.ar\/index.php?rest_route=%2Fwp%2Fv2%2Fmedia&parent=6935"}],"wp:term":[{"taxonomy":"product_cat","embeddable":true,"href":"https:\/\/lafamilia.com.ar\/index.php?rest_route=%2Fwp%2Fv2%2Fproduct_cat&post=6935"},{"taxonomy":"product_tag","embeddable":true,"href":"https:\/\/lafamilia.com.ar\/index.php?rest_route=%2Fwp%2Fv2%2Fproduct_tag&post=6935"}],"curies":[{"name":"wp","href":"https:\/\/api.w.org\/{rel}","templated":true}]}}