{"id":6939,"date":"2024-04-05T10:56:16","date_gmt":"2024-04-05T13:56:16","guid":{"rendered":"https:\/\/lafamilia.com.ar\/?post_type=product&#038;p=6939"},"modified":"2025-06-10T15:02:10","modified_gmt":"2025-06-10T18:02:10","slug":"caramelos-menta-chocolate-arcor","status":"publish","type":"product","link":"https:\/\/lafamilia.com.ar\/?product=caramelos-menta-chocolate-arcor","title":{"rendered":"Caramelos Menta y Chocolate x 715 gr"},"content":{"rendered":"<p>Caramelos Menta Chocolate Arcor Bolsa 715gr.<\/p>\n","protected":false},"excerpt":{"rendered":"<p>\u00a1Descubre la deliciosa combinaci\u00f3n de menta y chocolate con los Caramelos Menta Chocolate Arcor! Esta bolsa de 715 gramos est\u00e1 llena de dulzura y sabor, perfecta para satisfacer tus antojos golosos. Cada caramelo es una explosi\u00f3n de frescura mentolada envuelta en un suave y cremoso chocolate, creando una experiencia \u00fanica para tu paladar. Ideal para disfrutar en cualquier momento del d\u00eda, ya sea como un dulce capricho o para compartir con amigos y familiares. \u00a1No podr\u00e1s resistirte a su irresistible sabor! A\u00f1ade estos caramelos a tu carrito y d\u00e9jate llevar por el placer de saborear lo mejor de Arcor.<\/p>\n<p>\u2013 Deliciosa combinaci\u00f3n de menta y chocolate<br \/>\n\u2013 Bolsa de 715 gramos para disfrutar durante mucho tiempo<br \/>\n\u2013 Frescura mentolada envuelta en un suave y cremoso chocolate<br \/>\n\u2013 Perfecto para satisfacer tus antojos golosos<br \/>\n\u2013 Ideal para compartir con amigos y familiares.<\/p>\n","protected":false},"featured_media":6940,"template":"","meta":{"_uag_custom_page_level_css":"","_monsterinsights_skip_tracking":false,"_monsterinsights_sitenote_active":false,"_monsterinsights_sitenote_note":"","_monsterinsights_sitenote_category":0,"_joinchat":[]},"product_cat":[34,22],"product_tag":[],"jetpack_sharing_enabled":true,"uagb_featured_image_src":{"full":["https:\/\/lafamilia.com.ar\/wp-content\/uploads\/2024\/04\/20230904-11827.jpg",600,600,false],"thumbnail":["https:\/\/lafamilia.com.ar\/wp-content\/uploads\/2024\/04\/20230904-11827-150x150.jpg",150,150,true],"medium":["https:\/\/lafamilia.com.ar\/wp-content\/uploads\/2024\/04\/20230904-11827-300x300.jpg",300,300,true],"medium_large":["https:\/\/lafamilia.com.ar\/wp-content\/uploads\/2024\/04\/20230904-11827.jpg",600,600,false],"large":["https:\/\/lafamilia.com.ar\/wp-content\/uploads\/2024\/04\/20230904-11827.jpg",600,600,false],"1536x1536":["https:\/\/lafamilia.com.ar\/wp-content\/uploads\/2024\/04\/20230904-11827.jpg",600,600,false],"2048x2048":["https:\/\/lafamilia.com.ar\/wp-content\/uploads\/2024\/04\/20230904-11827.jpg",600,600,false],"woocommerce_thumbnail":["https:\/\/lafamilia.com.ar\/wp-content\/uploads\/2024\/04\/20230904-11827-300x300.jpg",300,300,true],"woocommerce_single":["https:\/\/lafamilia.com.ar\/wp-content\/uploads\/2024\/04\/20230904-11827-300x300.jpg",300,300,true],"woocommerce_gallery_thumbnail":["https:\/\/lafamilia.com.ar\/wp-content\/uploads\/2024\/04\/20230904-11827-100x100.jpg",100,100,true]},"uagb_author_info":{"display_name":"lafamilia.com.ar","author_link":"https:\/\/lafamilia.com.ar\/?author=0"},"uagb_comment_info":0,"uagb_excerpt":"\u00a1Descubre la deliciosa combinaci\u00f3n de menta y chocolate con los Caramelos Menta Chocolate Arcor! Esta bolsa de 715 gramos est\u00e1 llena de dulzura y sabor, perfecta para satisfacer tus antojos golosos. Cada caramelo es una explosi\u00f3n de frescura mentolada envuelta en un suave y cremoso chocolate, creando una experiencia \u00fanica para tu paladar. Ideal para&hellip;","_links":{"self":[{"href":"https:\/\/lafamilia.com.ar\/index.php?rest_route=\/wp\/v2\/product\/6939"}],"collection":[{"href":"https:\/\/lafamilia.com.ar\/index.php?rest_route=\/wp\/v2\/product"}],"about":[{"href":"https:\/\/lafamilia.com.ar\/index.php?rest_route=\/wp\/v2\/types\/product"}],"wp:featuredmedia":[{"embeddable":true,"href":"https:\/\/lafamilia.com.ar\/index.php?rest_route=\/wp\/v2\/media\/6940"}],"wp:attachment":[{"href":"https:\/\/lafamilia.com.ar\/index.php?rest_route=%2Fwp%2Fv2%2Fmedia&parent=6939"}],"wp:term":[{"taxonomy":"product_cat","embeddable":true,"href":"https:\/\/lafamilia.com.ar\/index.php?rest_route=%2Fwp%2Fv2%2Fproduct_cat&post=6939"},{"taxonomy":"product_tag","embeddable":true,"href":"https:\/\/lafamilia.com.ar\/index.php?rest_route=%2Fwp%2Fv2%2Fproduct_tag&post=6939"}],"curies":[{"name":"wp","href":"https:\/\/api.w.org\/{rel}","templated":true}]}}