{"id":6952,"date":"2024-04-05T11:54:04","date_gmt":"2024-04-05T14:54:04","guid":{"rendered":"https:\/\/lafamilia.com.ar\/?post_type=product&#038;p=6952"},"modified":"2025-06-13T11:14:41","modified_gmt":"2025-06-13T14:14:41","slug":"chicle-topline-seven-mandarina-x-16-un","status":"publish","type":"product","link":"https:\/\/lafamilia.com.ar\/?product=chicle-topline-seven-mandarina-x-16-un","title":{"rendered":"Chicle Topline Seven Mandarina x 16 uni"},"content":{"rendered":"<p>Chicles Topline Seven Mandarina 14gr Caja 16 unidades.<\/p>\n","protected":false},"excerpt":{"rendered":"<p>\u00a1Descubre el delicioso sabor de los Chicles Topline Seven Mandarina! Con su irresistible sabor c\u00edtrico, estos chicles te transportar\u00e1n a un para\u00edso de frescura y dulzura en cada masticada. Cada caja contiene 16 unidades de chicles, perfectos para compartir con amigos y familiares. Su presentaci\u00f3n de 14 gramos te asegura una experiencia duradera y satisfactoria. Adem\u00e1s, su pr\u00e1ctico formato te permite llevarlos contigo a donde quieras, para disfrutar de su sabor en cualquier momento del d\u00eda. \u00a1No te resistas a la tentaci\u00f3n y a\u00f1ade estos chicles a tu carrito de compras ahora mismo!<\/p>\n<p>\u2013 Delicioso sabor a mandarina<br \/>\n\u2013 Caja con 16 unidades<br \/>\n\u2013 Presentaci\u00f3n de 14 gramos<br \/>\n\u2013 Ideal para compartir<br \/>\n\u2013 Pr\u00e1ctico formato para llevar a todas partes.<\/p>\n","protected":false},"featured_media":11249,"template":"","meta":{"_uag_custom_page_level_css":"","_monsterinsights_skip_tracking":false,"_monsterinsights_sitenote_active":false,"_monsterinsights_sitenote_note":"","_monsterinsights_sitenote_category":0,"_joinchat":[]},"product_cat":[39,22],"product_tag":[],"jetpack_sharing_enabled":true,"uagb_featured_image_src":{"full":["https:\/\/lafamilia.com.ar\/wp-content\/uploads\/2024\/04\/20241010-3269.webp",600,600,false],"thumbnail":["https:\/\/lafamilia.com.ar\/wp-content\/uploads\/2024\/04\/20241010-3269-150x150.webp",150,150,true],"medium":["https:\/\/lafamilia.com.ar\/wp-content\/uploads\/2024\/04\/20241010-3269-300x300.webp",300,300,true],"medium_large":["https:\/\/lafamilia.com.ar\/wp-content\/uploads\/2024\/04\/20241010-3269.webp",600,600,false],"large":["https:\/\/lafamilia.com.ar\/wp-content\/uploads\/2024\/04\/20241010-3269.webp",600,600,false],"1536x1536":["https:\/\/lafamilia.com.ar\/wp-content\/uploads\/2024\/04\/20241010-3269.webp",600,600,false],"2048x2048":["https:\/\/lafamilia.com.ar\/wp-content\/uploads\/2024\/04\/20241010-3269.webp",600,600,false],"woocommerce_thumbnail":["https:\/\/lafamilia.com.ar\/wp-content\/uploads\/2024\/04\/20241010-3269-300x300.webp",300,300,true],"woocommerce_single":["https:\/\/lafamilia.com.ar\/wp-content\/uploads\/2024\/04\/20241010-3269-300x300.webp",300,300,true],"woocommerce_gallery_thumbnail":["https:\/\/lafamilia.com.ar\/wp-content\/uploads\/2024\/04\/20241010-3269-100x100.webp",100,100,true]},"uagb_author_info":{"display_name":"lafamilia.com.ar","author_link":"https:\/\/lafamilia.com.ar\/?author=0"},"uagb_comment_info":0,"uagb_excerpt":"\u00a1Descubre el delicioso sabor de los Chicles Topline Seven Mandarina! Con su irresistible sabor c\u00edtrico, estos chicles te transportar\u00e1n a un para\u00edso de frescura y dulzura en cada masticada. Cada caja contiene 16 unidades de chicles, perfectos para compartir con amigos y familiares. Su presentaci\u00f3n de 14 gramos te asegura una experiencia duradera y satisfactoria.&hellip;","_links":{"self":[{"href":"https:\/\/lafamilia.com.ar\/index.php?rest_route=\/wp\/v2\/product\/6952"}],"collection":[{"href":"https:\/\/lafamilia.com.ar\/index.php?rest_route=\/wp\/v2\/product"}],"about":[{"href":"https:\/\/lafamilia.com.ar\/index.php?rest_route=\/wp\/v2\/types\/product"}],"wp:featuredmedia":[{"embeddable":true,"href":"https:\/\/lafamilia.com.ar\/index.php?rest_route=\/wp\/v2\/media\/11249"}],"wp:attachment":[{"href":"https:\/\/lafamilia.com.ar\/index.php?rest_route=%2Fwp%2Fv2%2Fmedia&parent=6952"}],"wp:term":[{"taxonomy":"product_cat","embeddable":true,"href":"https:\/\/lafamilia.com.ar\/index.php?rest_route=%2Fwp%2Fv2%2Fproduct_cat&post=6952"},{"taxonomy":"product_tag","embeddable":true,"href":"https:\/\/lafamilia.com.ar\/index.php?rest_route=%2Fwp%2Fv2%2Fproduct_tag&post=6952"}],"curies":[{"name":"wp","href":"https:\/\/api.w.org\/{rel}","templated":true}]}}