{"id":6954,"date":"2024-04-05T11:55:39","date_gmt":"2024-04-05T14:55:39","guid":{"rendered":"https:\/\/lafamilia.com.ar\/?post_type=product&#038;p=6954"},"modified":"2025-06-13T11:14:17","modified_gmt":"2025-06-13T14:14:17","slug":"chicle-topline-seven-bubble-fun-x-16-un","status":"publish","type":"product","link":"https:\/\/lafamilia.com.ar\/?product=chicle-topline-seven-bubble-fun-x-16-un","title":{"rendered":"Chicle Topline Seven Bubble Fun x 16 uni"},"content":{"rendered":"<p>Chicles Topline Seven Bubble Fun 14gr Caja 16 unidades.<\/p>\n","protected":false},"excerpt":{"rendered":"<p>\u00a1Descubre la deliciosa explosi\u00f3n de sabor con los Chicles Topline 7 Bubble Fun! Estos chicles sin az\u00facar te brindan una experiencia \u00fanica y refrescante en cada masticada. Cada paquete contiene 16 unidades de chicles, perfectos para llevar contigo a donde quiera que vayas. Con su irresistible sabor a burbujas, te transportar\u00e1n a un mundo lleno de diversi\u00f3n y frescura. Adem\u00e1s, al ser de la reconocida marca Topline, puedes confiar en su calidad y sabor inigualables. \u00a1No te pierdas la oportunidad de disfrutar de estos chicles sin az\u00facar y a\u00f1adir un toque de diversi\u00f3n a tu d\u00eda!<\/p>\n","protected":false},"featured_media":11255,"template":"","meta":{"_uag_custom_page_level_css":"","_monsterinsights_skip_tracking":false,"_monsterinsights_sitenote_active":false,"_monsterinsights_sitenote_note":"","_monsterinsights_sitenote_category":0,"_joinchat":[]},"product_cat":[39,22],"product_tag":[],"jetpack_sharing_enabled":true,"uagb_featured_image_src":{"full":["https:\/\/lafamilia.com.ar\/wp-content\/uploads\/2024\/04\/20241010-13792.webp",600,600,false],"thumbnail":["https:\/\/lafamilia.com.ar\/wp-content\/uploads\/2024\/04\/20241010-13792-150x150.webp",150,150,true],"medium":["https:\/\/lafamilia.com.ar\/wp-content\/uploads\/2024\/04\/20241010-13792-300x300.webp",300,300,true],"medium_large":["https:\/\/lafamilia.com.ar\/wp-content\/uploads\/2024\/04\/20241010-13792.webp",600,600,false],"large":["https:\/\/lafamilia.com.ar\/wp-content\/uploads\/2024\/04\/20241010-13792.webp",600,600,false],"1536x1536":["https:\/\/lafamilia.com.ar\/wp-content\/uploads\/2024\/04\/20241010-13792.webp",600,600,false],"2048x2048":["https:\/\/lafamilia.com.ar\/wp-content\/uploads\/2024\/04\/20241010-13792.webp",600,600,false],"woocommerce_thumbnail":["https:\/\/lafamilia.com.ar\/wp-content\/uploads\/2024\/04\/20241010-13792-300x300.webp",300,300,true],"woocommerce_single":["https:\/\/lafamilia.com.ar\/wp-content\/uploads\/2024\/04\/20241010-13792-300x300.webp",300,300,true],"woocommerce_gallery_thumbnail":["https:\/\/lafamilia.com.ar\/wp-content\/uploads\/2024\/04\/20241010-13792-100x100.webp",100,100,true]},"uagb_author_info":{"display_name":"lafamilia.com.ar","author_link":"https:\/\/lafamilia.com.ar\/?author=0"},"uagb_comment_info":0,"uagb_excerpt":"\u00a1Descubre la deliciosa explosi\u00f3n de sabor con los Chicles Topline 7 Bubble Fun! Estos chicles sin az\u00facar te brindan una experiencia \u00fanica y refrescante en cada masticada. Cada paquete contiene 16 unidades de chicles, perfectos para llevar contigo a donde quiera que vayas. Con su irresistible sabor a burbujas, te transportar\u00e1n a un mundo lleno&hellip;","_links":{"self":[{"href":"https:\/\/lafamilia.com.ar\/index.php?rest_route=\/wp\/v2\/product\/6954"}],"collection":[{"href":"https:\/\/lafamilia.com.ar\/index.php?rest_route=\/wp\/v2\/product"}],"about":[{"href":"https:\/\/lafamilia.com.ar\/index.php?rest_route=\/wp\/v2\/types\/product"}],"wp:featuredmedia":[{"embeddable":true,"href":"https:\/\/lafamilia.com.ar\/index.php?rest_route=\/wp\/v2\/media\/11255"}],"wp:attachment":[{"href":"https:\/\/lafamilia.com.ar\/index.php?rest_route=%2Fwp%2Fv2%2Fmedia&parent=6954"}],"wp:term":[{"taxonomy":"product_cat","embeddable":true,"href":"https:\/\/lafamilia.com.ar\/index.php?rest_route=%2Fwp%2Fv2%2Fproduct_cat&post=6954"},{"taxonomy":"product_tag","embeddable":true,"href":"https:\/\/lafamilia.com.ar\/index.php?rest_route=%2Fwp%2Fv2%2Fproduct_tag&post=6954"}],"curies":[{"name":"wp","href":"https:\/\/api.w.org\/{rel}","templated":true}]}}