{"id":6964,"date":"2024-04-05T12:02:36","date_gmt":"2024-04-05T15:02:36","guid":{"rendered":"https:\/\/lafamilia.com.ar\/?post_type=product&#038;p=6964"},"modified":"2025-06-11T10:46:47","modified_gmt":"2025-06-11T13:46:47","slug":"chupetin-mister-pops-evolution-surtidos","status":"publish","type":"product","link":"https:\/\/lafamilia.com.ar\/?product=chupetin-mister-pops-evolution-surtidos","title":{"rendered":"Chupet\u00edn Mr. Pops Evolution Surtidos x 24 un"},"content":{"rendered":"<p>Chupet\u00edn Mister Pop Evolution Surtidos Bolsa 24 unidades x 432g<\/p>\n","protected":false},"excerpt":{"rendered":"<p>\u00a1Descubre el delicioso y divertido Chupet\u00edn Mister Pops Evolution Surtidos! Esta bolsa de 24 unidades x 432g es perfecta para satisfacer tus antojos golosos. Con su variedad de sabores y colores vibrantes, cada chupet\u00edn es una explosi\u00f3n de dulzura en tu boca. Adem\u00e1s, es apto para cel\u00edacos, por lo que todos pueden disfrutarlo sin preocupaciones. Ideal para compartir con amigos, en fiestas o simplemente para darte un capricho. \u00a1No te resistas a la tentaci\u00f3n y a\u00f1ade estos chupetines a tu carrito de compras ahora mismo!<\/p>\n<p>\u2013 Deliciosos chupetines surtidos en una bolsa de 24 unidades x 432g<br \/>\n\u2013 Variedad de sabores y colores vibrantes para una experiencia golosa \u00fanica<br \/>\n\u2013 Apto para cel\u00edacos, sin TACC, para que todos puedan disfrutarlo<br \/>\n\u2013 Perfecto para compartir en fiestas o darte un capricho dulce<br \/>\n\u2013 \u00a1No te resistas a la tentaci\u00f3n y a\u00f1\u00e1delo a tu carrito de compras ahora mismo!<\/p>\n","protected":false},"featured_media":6965,"template":"","meta":{"_uag_custom_page_level_css":"","_monsterinsights_skip_tracking":false,"_monsterinsights_sitenote_active":false,"_monsterinsights_sitenote_note":"","_monsterinsights_sitenote_category":0,"_joinchat":[]},"product_cat":[36,22],"product_tag":[],"jetpack_sharing_enabled":true,"uagb_featured_image_src":{"full":["https:\/\/lafamilia.com.ar\/wp-content\/uploads\/2024\/04\/20230315-11810.jpg",600,600,false],"thumbnail":["https:\/\/lafamilia.com.ar\/wp-content\/uploads\/2024\/04\/20230315-11810-150x150.jpg",150,150,true],"medium":["https:\/\/lafamilia.com.ar\/wp-content\/uploads\/2024\/04\/20230315-11810-300x300.jpg",300,300,true],"medium_large":["https:\/\/lafamilia.com.ar\/wp-content\/uploads\/2024\/04\/20230315-11810.jpg",600,600,false],"large":["https:\/\/lafamilia.com.ar\/wp-content\/uploads\/2024\/04\/20230315-11810.jpg",600,600,false],"1536x1536":["https:\/\/lafamilia.com.ar\/wp-content\/uploads\/2024\/04\/20230315-11810.jpg",600,600,false],"2048x2048":["https:\/\/lafamilia.com.ar\/wp-content\/uploads\/2024\/04\/20230315-11810.jpg",600,600,false],"woocommerce_thumbnail":["https:\/\/lafamilia.com.ar\/wp-content\/uploads\/2024\/04\/20230315-11810-300x300.jpg",300,300,true],"woocommerce_single":["https:\/\/lafamilia.com.ar\/wp-content\/uploads\/2024\/04\/20230315-11810-300x300.jpg",300,300,true],"woocommerce_gallery_thumbnail":["https:\/\/lafamilia.com.ar\/wp-content\/uploads\/2024\/04\/20230315-11810-100x100.jpg",100,100,true]},"uagb_author_info":{"display_name":"lafamilia.com.ar","author_link":"https:\/\/lafamilia.com.ar\/?author=0"},"uagb_comment_info":0,"uagb_excerpt":"\u00a1Descubre el delicioso y divertido Chupet\u00edn Mister Pops Evolution Surtidos! Esta bolsa de 24 unidades x 432g es perfecta para satisfacer tus antojos golosos. Con su variedad de sabores y colores vibrantes, cada chupet\u00edn es una explosi\u00f3n de dulzura en tu boca. Adem\u00e1s, es apto para cel\u00edacos, por lo que todos pueden disfrutarlo sin preocupaciones.&hellip;","_links":{"self":[{"href":"https:\/\/lafamilia.com.ar\/index.php?rest_route=\/wp\/v2\/product\/6964"}],"collection":[{"href":"https:\/\/lafamilia.com.ar\/index.php?rest_route=\/wp\/v2\/product"}],"about":[{"href":"https:\/\/lafamilia.com.ar\/index.php?rest_route=\/wp\/v2\/types\/product"}],"wp:featuredmedia":[{"embeddable":true,"href":"https:\/\/lafamilia.com.ar\/index.php?rest_route=\/wp\/v2\/media\/6965"}],"wp:attachment":[{"href":"https:\/\/lafamilia.com.ar\/index.php?rest_route=%2Fwp%2Fv2%2Fmedia&parent=6964"}],"wp:term":[{"taxonomy":"product_cat","embeddable":true,"href":"https:\/\/lafamilia.com.ar\/index.php?rest_route=%2Fwp%2Fv2%2Fproduct_cat&post=6964"},{"taxonomy":"product_tag","embeddable":true,"href":"https:\/\/lafamilia.com.ar\/index.php?rest_route=%2Fwp%2Fv2%2Fproduct_tag&post=6964"}],"curies":[{"name":"wp","href":"https:\/\/api.w.org\/{rel}","templated":true}]}}