{"id":6966,"date":"2024-04-05T12:04:44","date_gmt":"2024-04-05T15:04:44","guid":{"rendered":"https:\/\/lafamilia.com.ar\/?post_type=product&#038;p=6966"},"modified":"2025-06-11T10:46:54","modified_gmt":"2025-06-11T13:46:54","slug":"chupetin-mister-pops-evolution-extreme","status":"publish","type":"product","link":"https:\/\/lafamilia.com.ar\/?product=chupetin-mister-pops-evolution-extreme","title":{"rendered":"Chupet\u00edn Mr. Pops Evolution Extreme x 24 un"},"content":{"rendered":"<p>Chupet\u00edn Mister Pop Evolution Extreme Bolsa 24 unidades x 432g<\/p>\n","protected":false},"excerpt":{"rendered":"<p>\u00a1Descubre el delicioso y emocionante Chupet\u00edn Mister Pops Evolution Extreme! Este incre\u00edble chupet\u00edn viene en una bolsa de 24 unidades, con un peso total de 432g, para que puedas disfrutar de su sabor \u00fanico y adictivo durante mucho tiempo.<\/p>\n<p>Con su irresistible combinaci\u00f3n de sabores y colores vibrantes, este chupet\u00edn es perfecto para satisfacer tus antojos de golosinas. Adem\u00e1s, es apto para cel\u00edacos, por lo que todos pueden disfrutar de su delicioso sabor sin preocupaciones.<\/p>\n<p>\u2013 Bolsa de 24 unidades para que puedas compartir con amigos y familiares.<br \/>\n\u2013 Peso total de 432g, \u00a1suficiente para disfrutar durante mucho tiempo!<br \/>\n\u2013 Sabores y colores vibrantes que te har\u00e1n salivar.<br \/>\n\u2013 Apto para cel\u00edacos, para que todos puedan disfrutar sin preocupaciones.<\/p>\n<p>No esperes m\u00e1s y a\u00f1ade el Chupet\u00edn Mister Pops Evolution Extreme a tu carrito de compras. \u00a1Te garantizamos que no podr\u00e1s resistirte a su sabor tentador y<\/p>\n","protected":false},"featured_media":6968,"template":"","meta":{"_uag_custom_page_level_css":"","_monsterinsights_skip_tracking":false,"_monsterinsights_sitenote_active":false,"_monsterinsights_sitenote_note":"","_monsterinsights_sitenote_category":0,"_joinchat":[]},"product_cat":[36,22],"product_tag":[],"jetpack_sharing_enabled":true,"uagb_featured_image_src":{"full":["https:\/\/lafamilia.com.ar\/wp-content\/uploads\/2024\/04\/20230315-12385.jpg",600,600,false],"thumbnail":["https:\/\/lafamilia.com.ar\/wp-content\/uploads\/2024\/04\/20230315-12385-150x150.jpg",150,150,true],"medium":["https:\/\/lafamilia.com.ar\/wp-content\/uploads\/2024\/04\/20230315-12385-300x300.jpg",300,300,true],"medium_large":["https:\/\/lafamilia.com.ar\/wp-content\/uploads\/2024\/04\/20230315-12385.jpg",600,600,false],"large":["https:\/\/lafamilia.com.ar\/wp-content\/uploads\/2024\/04\/20230315-12385.jpg",600,600,false],"1536x1536":["https:\/\/lafamilia.com.ar\/wp-content\/uploads\/2024\/04\/20230315-12385.jpg",600,600,false],"2048x2048":["https:\/\/lafamilia.com.ar\/wp-content\/uploads\/2024\/04\/20230315-12385.jpg",600,600,false],"woocommerce_thumbnail":["https:\/\/lafamilia.com.ar\/wp-content\/uploads\/2024\/04\/20230315-12385-300x300.jpg",300,300,true],"woocommerce_single":["https:\/\/lafamilia.com.ar\/wp-content\/uploads\/2024\/04\/20230315-12385-300x300.jpg",300,300,true],"woocommerce_gallery_thumbnail":["https:\/\/lafamilia.com.ar\/wp-content\/uploads\/2024\/04\/20230315-12385-100x100.jpg",100,100,true]},"uagb_author_info":{"display_name":"lafamilia.com.ar","author_link":"https:\/\/lafamilia.com.ar\/?author=0"},"uagb_comment_info":0,"uagb_excerpt":"\u00a1Descubre el delicioso y emocionante Chupet\u00edn Mister Pops Evolution Extreme! Este incre\u00edble chupet\u00edn viene en una bolsa de 24 unidades, con un peso total de 432g, para que puedas disfrutar de su sabor \u00fanico y adictivo durante mucho tiempo. Con su irresistible combinaci\u00f3n de sabores y colores vibrantes, este chupet\u00edn es perfecto para satisfacer tus&hellip;","_links":{"self":[{"href":"https:\/\/lafamilia.com.ar\/index.php?rest_route=\/wp\/v2\/product\/6966"}],"collection":[{"href":"https:\/\/lafamilia.com.ar\/index.php?rest_route=\/wp\/v2\/product"}],"about":[{"href":"https:\/\/lafamilia.com.ar\/index.php?rest_route=\/wp\/v2\/types\/product"}],"wp:featuredmedia":[{"embeddable":true,"href":"https:\/\/lafamilia.com.ar\/index.php?rest_route=\/wp\/v2\/media\/6968"}],"wp:attachment":[{"href":"https:\/\/lafamilia.com.ar\/index.php?rest_route=%2Fwp%2Fv2%2Fmedia&parent=6966"}],"wp:term":[{"taxonomy":"product_cat","embeddable":true,"href":"https:\/\/lafamilia.com.ar\/index.php?rest_route=%2Fwp%2Fv2%2Fproduct_cat&post=6966"},{"taxonomy":"product_tag","embeddable":true,"href":"https:\/\/lafamilia.com.ar\/index.php?rest_route=%2Fwp%2Fv2%2Fproduct_tag&post=6966"}],"curies":[{"name":"wp","href":"https:\/\/api.w.org\/{rel}","templated":true}]}}