{"id":6975,"date":"2024-04-05T12:10:07","date_gmt":"2024-04-05T15:10:07","guid":{"rendered":"https:\/\/lafamilia.com.ar\/?post_type=product&#038;p=6975"},"modified":"2025-06-11T10:50:15","modified_gmt":"2025-06-11T13:50:15","slug":"chupetin-mister-pops-frutal","status":"publish","type":"product","link":"https:\/\/lafamilia.com.ar\/?product=chupetin-mister-pops-frutal","title":{"rendered":"Chupet\u00edn Mr. Pops Frutal x 50 un"},"content":{"rendered":"","protected":false},"excerpt":{"rendered":"<p>\u00a1Descubre el delicioso Chupet\u00edn Mister Pops Frutal, la golosina perfecta para endulzar tus momentos m\u00e1s divertidos! Con su irresistible sabor a frutas frescas, este chupet\u00edn te transportar\u00e1 a un para\u00edso de sabores exquisitos. Cada bolsa contiene 50 unidades de pura felicidad, con un peso total de 625g, para que puedas disfrutarlo durante mucho tiempo. Adem\u00e1s, este chupet\u00edn es apto para cel\u00edacos, por lo que todos podr\u00e1n deleitarse con su dulzura sin preocupaciones. \u00a1No esperes m\u00e1s y a\u00f1ade este tentador chupet\u00edn a tu carrito de compras!<\/p>\n<p>\u2013 Delicioso chupet\u00edn con sabor a frutas frescas<br \/>\n\u2013 Bolsa con 50 unidades de pura felicidad<br \/>\n\u2013 Peso total de 625g para disfrutar durante mucho tiempo<br \/>\n\u2013 Apto para cel\u00edacos, sin TACC<br \/>\n\u2013 Ideal para endulzar tus momentos m\u00e1s divertidos.<\/p>\n","protected":false},"featured_media":6976,"template":"","meta":{"_uag_custom_page_level_css":"","_monsterinsights_skip_tracking":false,"_monsterinsights_sitenote_active":false,"_monsterinsights_sitenote_note":"","_monsterinsights_sitenote_category":0,"_joinchat":[]},"product_cat":[36,22],"product_tag":[],"jetpack_sharing_enabled":true,"uagb_featured_image_src":{"full":["https:\/\/lafamilia.com.ar\/wp-content\/uploads\/2024\/04\/20230315-2528.jpg",600,600,false],"thumbnail":["https:\/\/lafamilia.com.ar\/wp-content\/uploads\/2024\/04\/20230315-2528-150x150.jpg",150,150,true],"medium":["https:\/\/lafamilia.com.ar\/wp-content\/uploads\/2024\/04\/20230315-2528-300x300.jpg",300,300,true],"medium_large":["https:\/\/lafamilia.com.ar\/wp-content\/uploads\/2024\/04\/20230315-2528.jpg",600,600,false],"large":["https:\/\/lafamilia.com.ar\/wp-content\/uploads\/2024\/04\/20230315-2528.jpg",600,600,false],"1536x1536":["https:\/\/lafamilia.com.ar\/wp-content\/uploads\/2024\/04\/20230315-2528.jpg",600,600,false],"2048x2048":["https:\/\/lafamilia.com.ar\/wp-content\/uploads\/2024\/04\/20230315-2528.jpg",600,600,false],"woocommerce_thumbnail":["https:\/\/lafamilia.com.ar\/wp-content\/uploads\/2024\/04\/20230315-2528-300x300.jpg",300,300,true],"woocommerce_single":["https:\/\/lafamilia.com.ar\/wp-content\/uploads\/2024\/04\/20230315-2528-300x300.jpg",300,300,true],"woocommerce_gallery_thumbnail":["https:\/\/lafamilia.com.ar\/wp-content\/uploads\/2024\/04\/20230315-2528-100x100.jpg",100,100,true]},"uagb_author_info":{"display_name":"lafamilia.com.ar","author_link":"https:\/\/lafamilia.com.ar\/?author=0"},"uagb_comment_info":0,"uagb_excerpt":"\u00a1Descubre el delicioso Chupet\u00edn Mister Pops Frutal, la golosina perfecta para endulzar tus momentos m\u00e1s divertidos! Con su irresistible sabor a frutas frescas, este chupet\u00edn te transportar\u00e1 a un para\u00edso de sabores exquisitos. Cada bolsa contiene 50 unidades de pura felicidad, con un peso total de 625g, para que puedas disfrutarlo durante mucho tiempo. Adem\u00e1s,&hellip;","_links":{"self":[{"href":"https:\/\/lafamilia.com.ar\/index.php?rest_route=\/wp\/v2\/product\/6975"}],"collection":[{"href":"https:\/\/lafamilia.com.ar\/index.php?rest_route=\/wp\/v2\/product"}],"about":[{"href":"https:\/\/lafamilia.com.ar\/index.php?rest_route=\/wp\/v2\/types\/product"}],"wp:featuredmedia":[{"embeddable":true,"href":"https:\/\/lafamilia.com.ar\/index.php?rest_route=\/wp\/v2\/media\/6976"}],"wp:attachment":[{"href":"https:\/\/lafamilia.com.ar\/index.php?rest_route=%2Fwp%2Fv2%2Fmedia&parent=6975"}],"wp:term":[{"taxonomy":"product_cat","embeddable":true,"href":"https:\/\/lafamilia.com.ar\/index.php?rest_route=%2Fwp%2Fv2%2Fproduct_cat&post=6975"},{"taxonomy":"product_tag","embeddable":true,"href":"https:\/\/lafamilia.com.ar\/index.php?rest_route=%2Fwp%2Fv2%2Fproduct_tag&post=6975"}],"curies":[{"name":"wp","href":"https:\/\/api.w.org\/{rel}","templated":true}]}}