{"id":9645,"date":"2024-08-05T14:18:04","date_gmt":"2024-08-05T17:18:04","guid":{"rendered":"https:\/\/lafamilia.com.ar\/?post_type=product&#038;p=9645"},"modified":"2025-06-13T10:58:47","modified_gmt":"2025-06-13T13:58:47","slug":"cereal-mix-clasico","status":"publish","type":"product","link":"https:\/\/lafamilia.com.ar\/?product=cereal-mix-clasico","title":{"rendered":"Cereal Mix Clasico x 23 gr"},"content":{"rendered":"","protected":false},"excerpt":{"rendered":"<p>\u00a1Descubre la deliciosa Barra Cereal Mix Yoghurt Frutilla Light! Esta incre\u00edble barra de cereal es perfecta para aquellos que buscan un snack saludable y delicioso. Con un peso de 26 gramos, cada pack incluye 4 unidades, lo que te permitir\u00e1 disfrutar de su sabor \u00fanico durante m\u00e1s tiempo. Esta barra de cereal pertenece a la marca Cereal Mix, lo que garantiza su calidad. Su irresistible sabor a yogur y frutilla te transportar\u00e1 a un mundo de sabores exquisitos.<br \/>\n\u00a1No te pierdas la oportunidad de probar esta maravillosa barra de cereal! Aprovecha su practicidad y ll\u00e9vala contigo a donde quieras. \u00a1Disfruta de un delicioso en cualquier momento del d\u00eda!<\/p>\n","protected":false},"featured_media":9646,"template":"","meta":{"_uag_custom_page_level_css":"","_monsterinsights_skip_tracking":false,"_monsterinsights_sitenote_active":false,"_monsterinsights_sitenote_note":"","_monsterinsights_sitenote_category":0,"_joinchat":[]},"product_cat":[38,22],"product_tag":[],"jetpack_sharing_enabled":true,"uagb_featured_image_src":{"full":["https:\/\/lafamilia.com.ar\/wp-content\/uploads\/2024\/08\/descarga-2024-08-05T141747.430.jpeg",201,251,false],"thumbnail":["https:\/\/lafamilia.com.ar\/wp-content\/uploads\/2024\/08\/descarga-2024-08-05T141747.430-150x150.jpeg",150,150,true],"medium":["https:\/\/lafamilia.com.ar\/wp-content\/uploads\/2024\/08\/descarga-2024-08-05T141747.430.jpeg",201,251,false],"medium_large":["https:\/\/lafamilia.com.ar\/wp-content\/uploads\/2024\/08\/descarga-2024-08-05T141747.430.jpeg",201,251,false],"large":["https:\/\/lafamilia.com.ar\/wp-content\/uploads\/2024\/08\/descarga-2024-08-05T141747.430.jpeg",201,251,false],"1536x1536":["https:\/\/lafamilia.com.ar\/wp-content\/uploads\/2024\/08\/descarga-2024-08-05T141747.430.jpeg",201,251,false],"2048x2048":["https:\/\/lafamilia.com.ar\/wp-content\/uploads\/2024\/08\/descarga-2024-08-05T141747.430.jpeg",201,251,false],"woocommerce_thumbnail":["https:\/\/lafamilia.com.ar\/wp-content\/uploads\/2024\/08\/descarga-2024-08-05T141747.430.jpeg",201,251,false],"woocommerce_single":["https:\/\/lafamilia.com.ar\/wp-content\/uploads\/2024\/08\/descarga-2024-08-05T141747.430.jpeg",201,251,false],"woocommerce_gallery_thumbnail":["https:\/\/lafamilia.com.ar\/wp-content\/uploads\/2024\/08\/descarga-2024-08-05T141747.430-100x100.jpeg",100,100,true]},"uagb_author_info":{"display_name":"lafamilia.com.ar","author_link":"https:\/\/lafamilia.com.ar\/?author=0"},"uagb_comment_info":0,"uagb_excerpt":"\u00a1Descubre la deliciosa Barra Cereal Mix Yoghurt Frutilla Light! Esta incre\u00edble barra de cereal es perfecta para aquellos que buscan un snack saludable y delicioso. Con un peso de 26 gramos, cada pack incluye 4 unidades, lo que te permitir\u00e1 disfrutar de su sabor \u00fanico durante m\u00e1s tiempo. Esta barra de cereal pertenece a la&hellip;","_links":{"self":[{"href":"https:\/\/lafamilia.com.ar\/index.php?rest_route=\/wp\/v2\/product\/9645"}],"collection":[{"href":"https:\/\/lafamilia.com.ar\/index.php?rest_route=\/wp\/v2\/product"}],"about":[{"href":"https:\/\/lafamilia.com.ar\/index.php?rest_route=\/wp\/v2\/types\/product"}],"wp:featuredmedia":[{"embeddable":true,"href":"https:\/\/lafamilia.com.ar\/index.php?rest_route=\/wp\/v2\/media\/9646"}],"wp:attachment":[{"href":"https:\/\/lafamilia.com.ar\/index.php?rest_route=%2Fwp%2Fv2%2Fmedia&parent=9645"}],"wp:term":[{"taxonomy":"product_cat","embeddable":true,"href":"https:\/\/lafamilia.com.ar\/index.php?rest_route=%2Fwp%2Fv2%2Fproduct_cat&post=9645"},{"taxonomy":"product_tag","embeddable":true,"href":"https:\/\/lafamilia.com.ar\/index.php?rest_route=%2Fwp%2Fv2%2Fproduct_tag&post=9645"}],"curies":[{"name":"wp","href":"https:\/\/api.w.org\/{rel}","templated":true}]}}